{"id":9301,"date":"2021-08-19T18:21:20","date_gmt":"2021-08-19T18:21:20","guid":{"rendered":"http:\/\/armoniacolectiva.org\/?page_id=9301"},"modified":"2021-11-11T07:59:17","modified_gmt":"2021-11-11T07:59:17","slug":"fijazz","status":"publish","type":"page","link":"https:\/\/armoniacolectiva.org\/en\/fijazz\/","title":{"rendered":"FIJAZZ Costa Rica"},"content":{"rendered":"<div data-elementor-type=\"wp-page\" data-elementor-id=\"9301\" class=\"elementor elementor-9301\">\n\t\t\t\t\t\t<section class=\"elementor-section elementor-top-section elementor-element elementor-element-e7d9b3d elementor-section-boxed elementor-section-height-default elementor-section-height-default\" data-id=\"e7d9b3d\" data-element_type=\"section\">\n\t\t\t\t\t\t<div class=\"elementor-container elementor-column-gap-default\">\n\t\t\t\t\t<div class=\"elementor-column elementor-col-100 elementor-top-column elementor-element elementor-element-ca1ae3c\" data-id=\"ca1ae3c\" data-element_type=\"column\">\n\t\t\t<div class=\"elementor-widget-wrap elementor-element-populated\">\n\t\t\t\t\t\t<div class=\"elementor-element elementor-element-2b90c46 elementor-widget elementor-widget-spacer\" data-id=\"2b90c46\" data-element_type=\"widget\" data-widget_type=\"spacer.default\">\n\t\t\t\t<div class=\"elementor-widget-container\">\n\t\t\t<style>\/*! elementor - v3.23.0 - 23-07-2024 *\/\n.elementor-column .elementor-spacer-inner{height:var(--spacer-size)}.e-con{--container-widget-width:100%}.e-con-inner>.elementor-widget-spacer,.e-con>.elementor-widget-spacer{width:var(--container-widget-width,var(--spacer-size));--align-self:var(--container-widget-align-self,initial);--flex-shrink:0}.e-con-inner>.elementor-widget-spacer>.elementor-widget-container,.e-con>.elementor-widget-spacer>.elementor-widget-container{height:100%;width:100%}.e-con-inner>.elementor-widget-spacer>.elementor-widget-container>.elementor-spacer,.e-con>.elementor-widget-spacer>.elementor-widget-container>.elementor-spacer{height:100%}.e-con-inner>.elementor-widget-spacer>.elementor-widget-container>.elementor-spacer>.elementor-spacer-inner,.e-con>.elementor-widget-spacer>.elementor-widget-container>.elementor-spacer>.elementor-spacer-inner{height:var(--container-widget-height,var(--spacer-size))}.e-con-inner>.elementor-widget-spacer.elementor-widget-empty,.e-con>.elementor-widget-spacer.elementor-widget-empty{position:relative;min-height:22px;min-width:22px}.e-con-inner>.elementor-widget-spacer.elementor-widget-empty .elementor-widget-empty-icon,.e-con>.elementor-widget-spacer.elementor-widget-empty .elementor-widget-empty-icon{position:absolute;top:0;bottom:0;left:0;right:0;margin:auto;padding:0;width:22px;height:22px}<\/style>\t\t<div class=\"elementor-spacer\">\n\t\t\t<div class=\"elementor-spacer-inner\"><\/div>\n\t\t<\/div>\n\t\t\t\t<\/div>\n\t\t\t\t<\/div>\n\t\t\t\t<div class=\"elementor-element elementor-element-9b79108 elementor-widget elementor-widget-image\" data-id=\"9b79108\" data-element_type=\"widget\" data-widget_type=\"image.default\">\n\t\t\t\t<div class=\"elementor-widget-container\">\n\t\t\t<style>\/*! elementor - v3.23.0 - 23-07-2024 *\/\n.elementor-widget-image{text-align:center}.elementor-widget-image a{display:inline-block}.elementor-widget-image a img[src$=\".svg\"]{width:48px}.elementor-widget-image img{vertical-align:middle;display:inline-block}<\/style>\t\t\t\t\t\t\t\t\t\t<img fetchpriority=\"high\" decoding=\"async\" width=\"300\" height=\"300\" src=\"https:\/\/armoniacolectiva.org\/wp-content\/uploads\/2021\/09\/FIJAZZ-LOGO01-1-300x300.png\" class=\"attachment-medium size-medium wp-image-10927\" alt=\"\" srcset=\"https:\/\/armoniacolectiva.org\/wp-content\/uploads\/2021\/09\/FIJAZZ-LOGO01-1-300x300.png 300w, https:\/\/armoniacolectiva.org\/wp-content\/uploads\/2021\/09\/FIJAZZ-LOGO01-1-150x150.png 150w, https:\/\/armoniacolectiva.org\/wp-content\/uploads\/2021\/09\/FIJAZZ-LOGO01-1-768x768.png 768w, https:\/\/armoniacolectiva.org\/wp-content\/uploads\/2021\/09\/FIJAZZ-LOGO01-1-120x120.png 120w, https:\/\/armoniacolectiva.org\/wp-content\/uploads\/2021\/09\/FIJAZZ-LOGO01-1-400x400.png 400w, https:\/\/armoniacolectiva.org\/wp-content\/uploads\/2021\/09\/FIJAZZ-LOGO01-1-160x160.png 160w, https:\/\/armoniacolectiva.org\/wp-content\/uploads\/2021\/09\/FIJAZZ-LOGO01-1-100x100.png 100w, https:\/\/armoniacolectiva.org\/wp-content\/uploads\/2021\/09\/FIJAZZ-LOGO01-1.png 800w\" sizes=\"(max-width: 300px) 100vw, 300px\" \/>\t\t\t\t\t\t\t\t\t\t\t\t\t<\/div>\n\t\t\t\t<\/div>\n\t\t\t\t<div class=\"elementor-element elementor-element-a64541a elementor-align-center elementor-widget elementor-widget-heading\" data-id=\"a64541a\" data-element_type=\"widget\" data-widget_type=\"heading.default\">\n\t\t\t\t<div class=\"elementor-widget-container\">\n\t\t\t<style>\/*! elementor - v3.23.0 - 23-07-2024 *\/\n.elementor-heading-title{padding:0;margin:0;line-height:1}.elementor-widget-heading .elementor-heading-title[class*=elementor-size-]>a{color:inherit;font-size:inherit;line-height:inherit}.elementor-widget-heading .elementor-heading-title.elementor-size-small{font-size:15px}.elementor-widget-heading .elementor-heading-title.elementor-size-medium{font-size:19px}.elementor-widget-heading .elementor-heading-title.elementor-size-large{font-size:29px}.elementor-widget-heading .elementor-heading-title.elementor-size-xl{font-size:39px}.elementor-widget-heading .elementor-heading-title.elementor-size-xxl{font-size:59px}<\/style><h2 class=\"elementor-heading-title elementor-size-default\">Get to know the Costa Rica International Jazz Festival<\/h2>\t\t<\/div>\n\t\t\t\t<\/div>\n\t\t\t\t\t<\/div>\n\t\t<\/div>\n\t\t\t\t\t<\/div>\n\t\t<\/section>\n\t\t\t\t<section class=\"elementor-section elementor-top-section elementor-element elementor-element-b056aba elementor-section-stretched elementor-section-boxed elementor-section-height-default elementor-section-height-default\" data-id=\"b056aba\" data-element_type=\"section\" data-settings=\"{&quot;stretch_section&quot;:&quot;section-stretched&quot;,&quot;background_background&quot;:&quot;classic&quot;}\">\n\t\t\t\t\t\t<div class=\"elementor-container elementor-column-gap-no\">\n\t\t\t\t\t<div class=\"elementor-column elementor-col-100 elementor-top-column elementor-element elementor-element-a2718af\" data-id=\"a2718af\" data-element_type=\"column\">\n\t\t\t<div class=\"elementor-widget-wrap elementor-element-populated\">\n\t\t\t\t\t\t<section class=\"elementor-section elementor-inner-section elementor-element elementor-element-afb57a6 elementor-section-boxed elementor-section-height-default elementor-section-height-default\" data-id=\"afb57a6\" data-element_type=\"section\">\n\t\t\t\t\t\t<div class=\"elementor-container elementor-column-gap-no\">\n\t\t\t\t\t<div class=\"elementor-column elementor-col-50 elementor-inner-column elementor-element elementor-element-c37c0f7\" data-id=\"c37c0f7\" data-element_type=\"column\">\n\t\t\t<div class=\"elementor-widget-wrap elementor-element-populated\">\n\t\t\t\t\t\t<div class=\"elementor-element elementor-element-3787921 elementor-widget elementor-widget-image\" data-id=\"3787921\" data-element_type=\"widget\" data-widget_type=\"image.default\">\n\t\t\t\t<div class=\"elementor-widget-container\">\n\t\t\t\t\t\t\t\t\t\t\t\t\t<img decoding=\"async\" width=\"600\" height=\"338\" src=\"https:\/\/armoniacolectiva.org\/wp-content\/uploads\/2021\/08\/67966841_2092488187722234_5111030143304859648_n-768x432.jpg\" class=\"attachment-medium_large size-medium_large wp-image-9303\" alt=\"\" srcset=\"https:\/\/armoniacolectiva.org\/wp-content\/uploads\/2021\/08\/67966841_2092488187722234_5111030143304859648_n-768x432.jpg 768w, https:\/\/armoniacolectiva.org\/wp-content\/uploads\/2021\/08\/67966841_2092488187722234_5111030143304859648_n-300x169.jpg 300w, https:\/\/armoniacolectiva.org\/wp-content\/uploads\/2021\/08\/67966841_2092488187722234_5111030143304859648_n-1024x576.jpg 1024w, https:\/\/armoniacolectiva.org\/wp-content\/uploads\/2021\/08\/67966841_2092488187722234_5111030143304859648_n-1536x864.jpg 1536w, https:\/\/armoniacolectiva.org\/wp-content\/uploads\/2021\/08\/67966841_2092488187722234_5111030143304859648_n-400x225.jpg 400w, https:\/\/armoniacolectiva.org\/wp-content\/uploads\/2021\/08\/67966841_2092488187722234_5111030143304859648_n.jpg 1944w\" sizes=\"(max-width: 600px) 100vw, 600px\" \/>\t\t\t\t\t\t\t\t\t\t\t\t\t<\/div>\n\t\t\t\t<\/div>\n\t\t\t\t\t<\/div>\n\t\t<\/div>\n\t\t\t\t<div class=\"elementor-column elementor-col-50 elementor-inner-column elementor-element elementor-element-b7ad5fb\" data-id=\"b7ad5fb\" data-element_type=\"column\">\n\t\t\t<div class=\"elementor-widget-wrap elementor-element-populated\">\n\t\t\t\t\t\t<div class=\"elementor-element elementor-element-e658be6 elementor-widget elementor-widget-text-editor\" data-id=\"e658be6\" data-element_type=\"widget\" data-widget_type=\"text-editor.default\">\n\t\t\t\t<div class=\"elementor-widget-container\">\n\t\t\t<style>\/*! elementor - v3.23.0 - 23-07-2024 *\/\n.elementor-widget-text-editor.elementor-drop-cap-view-stacked .elementor-drop-cap{background-color:#69727d;color:#fff}.elementor-widget-text-editor.elementor-drop-cap-view-framed .elementor-drop-cap{color:#69727d;border:3px solid;background-color:transparent}.elementor-widget-text-editor:not(.elementor-drop-cap-view-default) .elementor-drop-cap{margin-top:8px}.elementor-widget-text-editor:not(.elementor-drop-cap-view-default) .elementor-drop-cap-letter{width:1em;height:1em}.elementor-widget-text-editor .elementor-drop-cap{float:left;text-align:center;line-height:1;font-size:50px}.elementor-widget-text-editor .elementor-drop-cap-letter{display:inline-block}<\/style>        <div class=\"elementor-text-editor elementor-clearfix\"><p style=\"text-align: justify;\">FIJAZZ seeks to provide new educational and artistic experiences for Costa Rican musicians. This program was made with the purpose of creating, through music, a creative and integral pedagogical environment. It also seeks to encourage cultural exchange, and social awareness through the promotion of the sociocultural values of jazz, which,  through its improvisational style, has the potential to be a tool in the struggle for freedom and equality for all.\u00a0<\/p><\/div>\n        \t\t<\/div>\n\t\t\t\t<\/div>\n\t\t\t\t\t<\/div>\n\t\t<\/div>\n\t\t\t\t\t<\/div>\n\t\t<\/section>\n\t\t\t\t\t<\/div>\n\t\t<\/div>\n\t\t\t\t\t<\/div>\n\t\t<\/section>\n\t\t\t\t<section class=\"elementor-section elementor-top-section elementor-element elementor-element-a06c051 elementor-section-content-middle elementor-section-stretched elementor-section-boxed elementor-section-height-default elementor-section-height-default\" data-id=\"a06c051\" data-element_type=\"section\" data-settings=\"{&quot;stretch_section&quot;:&quot;section-stretched&quot;,&quot;background_background&quot;:&quot;classic&quot;}\">\n\t\t\t\t\t\t<div class=\"elementor-container elementor-column-gap-default\">\n\t\t\t\t\t<div class=\"elementor-column elementor-col-50 elementor-top-column elementor-element elementor-element-e01052c\" data-id=\"e01052c\" data-element_type=\"column\">\n\t\t\t<div class=\"elementor-widget-wrap elementor-element-populated\">\n\t\t\t\t\t\t<div class=\"elementor-element elementor-element-923913d elementor-widget elementor-widget-heading\" data-id=\"923913d\" data-element_type=\"widget\" data-widget_type=\"heading.default\">\n\t\t\t\t<div class=\"elementor-widget-container\">\n\t\t\t<h3 class=\"elementor-heading-title elementor-size-default\">The Importance of FIJAZZ<\/h3>\t\t<\/div>\n\t\t\t\t<\/div>\n\t\t\t\t<div class=\"elementor-element elementor-element-c4594c0 elementor-widget elementor-widget-text-editor\" data-id=\"c4594c0\" data-element_type=\"widget\" data-widget_type=\"text-editor.default\">\n\t\t\t\t<div class=\"elementor-widget-container\">\n\t\t\t        <div class=\"elementor-text-editor elementor-clearfix\"><ul><li style=\"text-align: left;\"><span style=\"font-weight: 400; color: #ffffff;\">A unique event in Costa Rica.<\/span><\/li><li style=\"text-align: left;\"><span style=\"font-weight: 400; color: #ffffff;\">A moving force for cultural development.<\/span><\/li><li style=\"text-align: left;\"><span style=\"font-weight: 400; color: #ffffff;\">Creates an environment of respect, peace, cultural diversity, among other essential values for social wellbeing.<\/span><\/li><li><span style=\"font-weight: 400; color: #ffffff;\">Concerts and workshops with world-class artists, available to all Costa Ricans.<\/span><\/li><li><span style=\"font-weight: 400; color: #ffffff;\">A space for Costa Rican musical proposals.<\/span><\/li><li><span style=\"font-weight: 400; color: #ffffff;\">Strengthens creative musical education in Costa Rica, through an educational and cultural exchange between national and international musicians.<\/span><\/li><li><span style=\"font-weight: 400; color: #ffffff;\">The YASP scholarship program provides financial assitance for low-income music students.<\/span><\/li><li><span style=\"font-weight: 400; color: #ffffff;\">Promotes gender equality and female empowerment in the musical field.<\/span><\/li><li><span style=\"font-weight: 400; color: #ffffff;\">Committed to sustainable development.<\/span><\/li><li><span style=\"font-weight: 400; color: #ffffff;\">A space to share, enjoy, learn and grow alongside creative and professional musicians with the mission to create art contextualized to the needs and wellbeing of their society.<\/span><\/li><\/ul><\/div>\n        \t\t<\/div>\n\t\t\t\t<\/div>\n\t\t\t\t\t<\/div>\n\t\t<\/div>\n\t\t\t\t<div class=\"elementor-column elementor-col-50 elementor-top-column elementor-element elementor-element-03a2048\" data-id=\"03a2048\" data-element_type=\"column\">\n\t\t\t<div class=\"elementor-widget-wrap elementor-element-populated\">\n\t\t\t\t\t\t<div class=\"elementor-element elementor-element-9e73507 elementor-widget elementor-widget-image\" data-id=\"9e73507\" data-element_type=\"widget\" data-widget_type=\"image.default\">\n\t\t\t\t<div class=\"elementor-widget-container\">\n\t\t\t\t\t\t\t\t\t\t\t\t\t<img decoding=\"async\" width=\"500\" height=\"500\" src=\"https:\/\/armoniacolectiva.org\/wp-content\/uploads\/2021\/10\/version-2-detalles-de-azul-a-blanco.png\" class=\"attachment-large size-large wp-image-11402\" alt=\"\" srcset=\"https:\/\/armoniacolectiva.org\/wp-content\/uploads\/2021\/10\/version-2-detalles-de-azul-a-blanco.png 500w, https:\/\/armoniacolectiva.org\/wp-content\/uploads\/2021\/10\/version-2-detalles-de-azul-a-blanco-300x300.png 300w, https:\/\/armoniacolectiva.org\/wp-content\/uploads\/2021\/10\/version-2-detalles-de-azul-a-blanco-150x150.png 150w, https:\/\/armoniacolectiva.org\/wp-content\/uploads\/2021\/10\/version-2-detalles-de-azul-a-blanco-120x120.png 120w, https:\/\/armoniacolectiva.org\/wp-content\/uploads\/2021\/10\/version-2-detalles-de-azul-a-blanco-12x12.png 12w, https:\/\/armoniacolectiva.org\/wp-content\/uploads\/2021\/10\/version-2-detalles-de-azul-a-blanco-400x400.png 400w, https:\/\/armoniacolectiva.org\/wp-content\/uploads\/2021\/10\/version-2-detalles-de-azul-a-blanco-160x160.png 160w, https:\/\/armoniacolectiva.org\/wp-content\/uploads\/2021\/10\/version-2-detalles-de-azul-a-blanco-100x100.png 100w\" sizes=\"(max-width: 500px) 100vw, 500px\" \/>\t\t\t\t\t\t\t\t\t\t\t\t\t<\/div>\n\t\t\t\t<\/div>\n\t\t\t\t\t<\/div>\n\t\t<\/div>\n\t\t\t\t\t<\/div>\n\t\t<\/section>\n\t\t\t\t<section class=\"elementor-section elementor-top-section elementor-element elementor-element-14661a5 elementor-section-boxed elementor-section-height-default elementor-section-height-default\" data-id=\"14661a5\" data-element_type=\"section\">\n\t\t\t\t\t\t<div class=\"elementor-container elementor-column-gap-default\">\n\t\t\t\t\t<div class=\"elementor-column elementor-col-100 elementor-top-column elementor-element elementor-element-82f397b\" data-id=\"82f397b\" data-element_type=\"column\">\n\t\t\t<div class=\"elementor-widget-wrap elementor-element-populated\">\n\t\t\t\t\t\t<div class=\"elementor-element elementor-element-b6a8379 elementor-widget elementor-widget-spacer\" data-id=\"b6a8379\" data-element_type=\"widget\" data-widget_type=\"spacer.default\">\n\t\t\t\t<div class=\"elementor-widget-container\">\n\t\t\t\t\t<div class=\"elementor-spacer\">\n\t\t\t<div class=\"elementor-spacer-inner\"><\/div>\n\t\t<\/div>\n\t\t\t\t<\/div>\n\t\t\t\t<\/div>\n\t\t\t\t\t<\/div>\n\t\t<\/div>\n\t\t\t\t\t<\/div>\n\t\t<\/section>\n\t\t\t\t<section class=\"elementor-section elementor-top-section elementor-element elementor-element-ec9035e elementor-section-boxed elementor-section-height-default elementor-section-height-default\" data-id=\"ec9035e\" data-element_type=\"section\">\n\t\t\t\t\t\t<div class=\"elementor-container elementor-column-gap-default\">\n\t\t\t\t\t<div class=\"elementor-column elementor-col-100 elementor-top-column elementor-element elementor-element-9d55263\" data-id=\"9d55263\" data-element_type=\"column\">\n\t\t\t<div class=\"elementor-widget-wrap elementor-element-populated\">\n\t\t\t\t\t\t<div class=\"elementor-element elementor-element-7dc0c81 elementor-align-center elementor-widget elementor-widget-heading\" data-id=\"7dc0c81\" data-element_type=\"widget\" data-widget_type=\"heading.default\">\n\t\t\t\t<div class=\"elementor-widget-container\">\n\t\t\t<span class=\"sub-title\">The festival<\/span><h2 class=\"elementor-heading-title elementor-size-default\">Visit the festival's website and social networks to learn more about previous and upcoming editions of FIJAZZ Costa Rica.<\/h2>\t\t<\/div>\n\t\t\t\t<\/div>\n\t\t\t\t\t<\/div>\n\t\t<\/div>\n\t\t\t\t\t<\/div>\n\t\t<\/section>\n\t\t\t\t<section class=\"elementor-section elementor-top-section elementor-element elementor-element-d9cb4e2 elementor-section-boxed elementor-section-height-default elementor-section-height-default\" data-id=\"d9cb4e2\" data-element_type=\"section\">\n\t\t\t\t\t\t<div class=\"elementor-container elementor-column-gap-default\">\n\t\t\t\t\t<div class=\"elementor-column elementor-col-100 elementor-top-column elementor-element elementor-element-48ab3b8\" data-id=\"48ab3b8\" data-element_type=\"column\">\n\t\t\t<div class=\"elementor-widget-wrap elementor-element-populated\">\n\t\t\t\t\t\t<div class=\"elementor-element elementor-element-1dad0d1 elementor-widget elementor-widget-spacer\" data-id=\"1dad0d1\" data-element_type=\"widget\" data-widget_type=\"spacer.default\">\n\t\t\t\t<div class=\"elementor-widget-container\">\n\t\t\t\t\t<div class=\"elementor-spacer\">\n\t\t\t<div class=\"elementor-spacer-inner\"><\/div>\n\t\t<\/div>\n\t\t\t\t<\/div>\n\t\t\t\t<\/div>\n\t\t\t\t\t<\/div>\n\t\t<\/div>\n\t\t\t\t\t<\/div>\n\t\t<\/section>\n\t\t\t\t<section class=\"elementor-section elementor-top-section elementor-element elementor-element-6529f0a elementor-section-boxed elementor-section-height-default elementor-section-height-default\" data-id=\"6529f0a\" data-element_type=\"section\">\n\t\t\t\t\t\t<div class=\"elementor-container elementor-column-gap-default\">\n\t\t\t\t\t<div class=\"elementor-column elementor-col-100 elementor-top-column elementor-element elementor-element-3224600\" data-id=\"3224600\" data-element_type=\"column\">\n\t\t\t<div class=\"elementor-widget-wrap elementor-element-populated\">\n\t\t\t\t\t\t<div class=\"elementor-element elementor-element-046e92c elementor-widget elementor-widget-image\" data-id=\"046e92c\" data-element_type=\"widget\" data-widget_type=\"image.default\">\n\t\t\t\t<div class=\"elementor-widget-container\">\n\t\t\t\t\t\t\t\t\t\t\t\t\t<img loading=\"lazy\" decoding=\"async\" width=\"600\" height=\"338\" src=\"https:\/\/armoniacolectiva.org\/wp-content\/uploads\/2021\/08\/Portada-2-1-768x432.jpg\" class=\"attachment-medium_large size-medium_large wp-image-10225\" alt=\"\" srcset=\"https:\/\/armoniacolectiva.org\/wp-content\/uploads\/2021\/08\/Portada-2-1-768x432.jpg 768w, https:\/\/armoniacolectiva.org\/wp-content\/uploads\/2021\/08\/Portada-2-1-300x169.jpg 300w, https:\/\/armoniacolectiva.org\/wp-content\/uploads\/2021\/08\/Portada-2-1-1024x576.jpg 1024w, https:\/\/armoniacolectiva.org\/wp-content\/uploads\/2021\/08\/Portada-2-1-400x225.jpg 400w, https:\/\/armoniacolectiva.org\/wp-content\/uploads\/2021\/08\/Portada-2-1.jpg 1200w\" sizes=\"(max-width: 600px) 100vw, 600px\" \/>\t\t\t\t\t\t\t\t\t\t\t\t\t<\/div>\n\t\t\t\t<\/div>\n\t\t\t\t\t<\/div>\n\t\t<\/div>\n\t\t\t\t\t<\/div>\n\t\t<\/section>\n\t\t\t\t<section class=\"elementor-section elementor-top-section elementor-element elementor-element-35976ab elementor-section-boxed elementor-section-height-default elementor-section-height-default\" data-id=\"35976ab\" data-element_type=\"section\">\n\t\t\t\t\t\t<div class=\"elementor-container elementor-column-gap-default\">\n\t\t\t\t\t<div class=\"elementor-column elementor-col-100 elementor-top-column elementor-element elementor-element-80eac9f\" data-id=\"80eac9f\" data-element_type=\"column\">\n\t\t\t<div class=\"elementor-widget-wrap elementor-element-populated\">\n\t\t\t\t\t\t<div class=\"elementor-element elementor-element-ed6209c elementor-widget elementor-widget-image\" data-id=\"ed6209c\" data-element_type=\"widget\" data-widget_type=\"image.default\">\n\t\t\t\t<div class=\"elementor-widget-container\">\n\t\t\t\t\t\t\t\t\t\t\t\t\t<img decoding=\"async\" src=\"http:\/\/armoniacolectiva.org\/wp-content\/uploads\/2021\/08\/40971482_233303384030519_1564387751044841472_n-1.jpg\" title=\"\" alt=\"\" loading=\"lazy\" \/>\t\t\t\t\t\t\t\t\t\t\t\t\t<\/div>\n\t\t\t\t<\/div>\n\t\t\t\t\t<\/div>\n\t\t<\/div>\n\t\t\t\t\t<\/div>\n\t\t<\/section>\n\t\t\t\t<section class=\"elementor-section elementor-top-section elementor-element elementor-element-2d73385 elementor-section-stretched elementor-section-boxed elementor-section-height-default elementor-section-height-default\" data-id=\"2d73385\" data-element_type=\"section\" data-settings=\"{&quot;stretch_section&quot;:&quot;section-stretched&quot;}\">\n\t\t\t\t\t\t<div class=\"elementor-container elementor-column-gap-no\">\n\t\t\t\t\t<div class=\"elementor-column elementor-col-100 elementor-top-column elementor-element elementor-element-6ec04c6\" data-id=\"6ec04c6\" data-element_type=\"column\">\n\t\t\t<div class=\"elementor-widget-wrap elementor-element-populated\">\n\t\t\t\t\t\t<div class=\"elementor-element elementor-element-3949f53 elementor-align-center elementor-button-primary elementor-widget elementor-widget-button\" data-id=\"3949f53\" data-element_type=\"widget\" data-widget_type=\"button.default\">\n\t\t\t\t<div class=\"elementor-widget-container\">\n\t\t\t        <div class=\"elementor-button-wrapper\">\n            <a href=\"https:\/\/fijazzcr.com\/\" class=\"elementor-button-link elementor-button elementor-size-lg elementor-animation-float\" target=\"_blank\" role=\"button\">\n                        <span class=\"elementor-button-content-wrapper\">\n\t\t\t            <span class=\"elementor-button-text\">Visit Website<\/span>\n\t\t<\/span>\n\n\n                <\/a>\n        <\/div>\n        \t\t<\/div>\n\t\t\t\t<\/div>\n\t\t\t\t<div class=\"elementor-element elementor-element-6895ff7 elementor-align-center elementor-button-primary elementor-widget elementor-widget-button\" data-id=\"6895ff7\" data-element_type=\"widget\" data-widget_type=\"button.default\">\n\t\t\t\t<div class=\"elementor-widget-container\">\n\t\t\t        <div class=\"elementor-button-wrapper\">\n            <a href=\"https:\/\/www.facebook.com\/fijazzcostarica\" class=\"elementor-button-link elementor-button elementor-size-lg elementor-animation-float\" target=\"_blank\" role=\"button\">\n                        <span class=\"elementor-button-content-wrapper\">\n\t\t\t            <span class=\"elementor-button-text\">Follow us on facebook<\/span>\n\t\t<\/span>\n\n\n                <\/a>\n        <\/div>\n        \t\t<\/div>\n\t\t\t\t<\/div>\n\t\t\t\t<div class=\"elementor-element elementor-element-fc3edb5 elementor-align-center elementor-button-primary elementor-widget elementor-widget-button\" data-id=\"fc3edb5\" data-element_type=\"widget\" data-widget_type=\"button.default\">\n\t\t\t\t<div class=\"elementor-widget-container\">\n\t\t\t        <div class=\"elementor-button-wrapper\">\n            <a href=\"https:\/\/www.instagram.com\/fijazzcostarica\/\" class=\"elementor-button-link elementor-button elementor-size-lg elementor-animation-float\" target=\"_blank\" role=\"button\">\n                        <span class=\"elementor-button-content-wrapper\">\n\t\t\t            <span class=\"elementor-button-text\">Follow us on Instagram<\/span>\n\t\t<\/span>\n\n\n                <\/a>\n        <\/div>\n        \t\t<\/div>\n\t\t\t\t<\/div>\n\t\t\t\t\t<\/div>\n\t\t<\/div>\n\t\t\t\t\t<\/div>\n\t\t<\/section>\n\t\t\t\t<section class=\"elementor-section elementor-top-section elementor-element elementor-element-1ab76bf elementor-section-boxed elementor-section-height-default elementor-section-height-default\" data-id=\"1ab76bf\" data-element_type=\"section\">\n\t\t\t\t\t\t<div class=\"elementor-container elementor-column-gap-default\">\n\t\t\t\t\t<div class=\"elementor-column elementor-col-100 elementor-top-column elementor-element elementor-element-58b0d4e\" data-id=\"58b0d4e\" data-element_type=\"column\">\n\t\t\t<div class=\"elementor-widget-wrap elementor-element-populated\">\n\t\t\t\t\t\t<div class=\"elementor-element elementor-element-d728612 elementor-widget elementor-widget-spacer\" data-id=\"d728612\" data-element_type=\"widget\" data-widget_type=\"spacer.default\">\n\t\t\t\t<div class=\"elementor-widget-container\">\n\t\t\t\t\t<div class=\"elementor-spacer\">\n\t\t\t<div class=\"elementor-spacer-inner\"><\/div>\n\t\t<\/div>\n\t\t\t\t<\/div>\n\t\t\t\t<\/div>\n\t\t\t\t\t<\/div>\n\t\t<\/div>\n\t\t\t\t\t<\/div>\n\t\t<\/section>\n\t\t\t\t<\/div>","protected":false},"excerpt":{"rendered":"<p>Conoce el Festival Internacional de Jazz de Costa Rica El FIJAZZ busca brindar nuevas experiencias educativas y art\u00edsticas para los m\u00fasicos costarricenses y naci\u00f3 con el fin de crear por medio de la m\u00fasica un ambiente pedag\u00f3gico creativo e integral, de intercambio cultural, y de conciencia social por medio de la promoci\u00f3n de los valores [&hellip;]<\/p>","protected":false},"author":1,"featured_media":10927,"parent":0,"menu_order":0,"comment_status":"closed","ping_status":"closed","template":"page-elementor.php","meta":{"inline_featured_image":false,"_monsterinsights_skip_tracking":false,"_monsterinsights_sitenote_active":false,"_monsterinsights_sitenote_note":"","_monsterinsights_sitenote_category":0,"footnotes":""},"class_list":["post-9301","page","type-page","status-publish","has-post-thumbnail","hentry"],"_links":{"self":[{"href":"https:\/\/armoniacolectiva.org\/en\/wp-json\/wp\/v2\/pages\/9301","targetHints":{"allow":["GET"]}}],"collection":[{"href":"https:\/\/armoniacolectiva.org\/en\/wp-json\/wp\/v2\/pages"}],"about":[{"href":"https:\/\/armoniacolectiva.org\/en\/wp-json\/wp\/v2\/types\/page"}],"author":[{"embeddable":true,"href":"https:\/\/armoniacolectiva.org\/en\/wp-json\/wp\/v2\/users\/1"}],"replies":[{"embeddable":true,"href":"https:\/\/armoniacolectiva.org\/en\/wp-json\/wp\/v2\/comments?post=9301"}],"version-history":[{"count":81,"href":"https:\/\/armoniacolectiva.org\/en\/wp-json\/wp\/v2\/pages\/9301\/revisions"}],"predecessor-version":[{"id":12020,"href":"https:\/\/armoniacolectiva.org\/en\/wp-json\/wp\/v2\/pages\/9301\/revisions\/12020"}],"wp:featuredmedia":[{"embeddable":true,"href":"https:\/\/armoniacolectiva.org\/en\/wp-json\/wp\/v2\/media\/10927"}],"wp:attachment":[{"href":"https:\/\/armoniacolectiva.org\/en\/wp-json\/wp\/v2\/media?parent=9301"}],"curies":[{"name":"wp","href":"https:\/\/api.w.org\/{rel}","templated":true}]}}