{"id":3081,"date":"2020-01-20T01:45:23","date_gmt":"2020-01-20T01:45:23","guid":{"rendered":"http:\/\/dev2.wpopal.com\/fundor\/?page_id=3081"},"modified":"2021-11-10T21:45:40","modified_gmt":"2021-11-10T21:45:40","slug":"donaciones","status":"publish","type":"page","link":"https:\/\/armoniacolectiva.org\/en\/donaciones\/","title":{"rendered":"Donations"},"content":{"rendered":"<div data-elementor-type=\"wp-page\" data-elementor-id=\"3081\" class=\"elementor elementor-3081\">\n\t\t\t\t\t\t<section class=\"elementor-section elementor-top-section elementor-element elementor-element-8c3dbfd elementor-section-stretched elementor-section-boxed elementor-section-height-default elementor-section-height-default\" data-id=\"8c3dbfd\" data-element_type=\"section\" data-settings=\"{&quot;stretch_section&quot;:&quot;section-stretched&quot;,&quot;background_background&quot;:&quot;classic&quot;}\">\n\t\t\t\t\t\t<div class=\"elementor-container elementor-column-gap-no\">\n\t\t\t\t\t<div class=\"elementor-column elementor-col-100 elementor-top-column elementor-element elementor-element-1c59d6d\" data-id=\"1c59d6d\" data-element_type=\"column\">\n\t\t\t<div class=\"elementor-widget-wrap elementor-element-populated\">\n\t\t\t\t\t\t<div class=\"elementor-element elementor-element-b97acc4 elementor-align-center elementor-widget elementor-widget-heading\" data-id=\"b97acc4\" data-element_type=\"widget\" data-widget_type=\"heading.default\">\n\t\t\t\t<div class=\"elementor-widget-container\">\n\t\t\t<style>\/*! elementor - v3.23.0 - 23-07-2024 *\/\n.elementor-heading-title{padding:0;margin:0;line-height:1}.elementor-widget-heading .elementor-heading-title[class*=elementor-size-]>a{color:inherit;font-size:inherit;line-height:inherit}.elementor-widget-heading .elementor-heading-title.elementor-size-small{font-size:15px}.elementor-widget-heading .elementor-heading-title.elementor-size-medium{font-size:19px}.elementor-widget-heading .elementor-heading-title.elementor-size-large{font-size:29px}.elementor-widget-heading .elementor-heading-title.elementor-size-xl{font-size:39px}.elementor-widget-heading .elementor-heading-title.elementor-size-xxl{font-size:59px}<\/style><span class=\"sub-title\">Donations<\/span><h2 class=\"elementor-heading-title elementor-size-default\">Make an impact through <br>Fundaci\u00f3n Armon\u00eda Colectiva<\/h2>\t\t<\/div>\n\t\t\t\t<\/div>\n\t\t\t\t<div class=\"elementor-element elementor-element-fcbaede elementor-widget elementor-widget-text-editor\" data-id=\"fcbaede\" data-element_type=\"widget\" data-widget_type=\"text-editor.default\">\n\t\t\t\t<div class=\"elementor-widget-container\">\n\t\t\t<style>\/*! elementor - v3.23.0 - 23-07-2024 *\/\n.elementor-widget-text-editor.elementor-drop-cap-view-stacked .elementor-drop-cap{background-color:#69727d;color:#fff}.elementor-widget-text-editor.elementor-drop-cap-view-framed .elementor-drop-cap{color:#69727d;border:3px solid;background-color:transparent}.elementor-widget-text-editor:not(.elementor-drop-cap-view-default) .elementor-drop-cap{margin-top:8px}.elementor-widget-text-editor:not(.elementor-drop-cap-view-default) .elementor-drop-cap-letter{width:1em;height:1em}.elementor-widget-text-editor .elementor-drop-cap{float:left;text-align:center;line-height:1;font-size:50px}.elementor-widget-text-editor .elementor-drop-cap-letter{display:inline-block}<\/style>        <div class=\"elementor-text-editor elementor-clearfix\"><p>With your donation you will be able to support the development of cultural projects with a social vision to drive many artists and entrepreneurs to become agents of change through FAC.<\/p><\/div>\n        \t\t<\/div>\n\t\t\t\t<\/div>\n\t\t\t\t\t<\/div>\n\t\t<\/div>\n\t\t\t\t\t<\/div>\n\t\t<\/section>\n\t\t\t\t<section class=\"elementor-section elementor-top-section elementor-element elementor-element-41b2880 elementor-section-boxed elementor-section-height-default elementor-section-height-default\" data-id=\"41b2880\" data-element_type=\"section\">\n\t\t\t\t\t\t<div class=\"elementor-container elementor-column-gap-default\">\n\t\t\t\t\t<div class=\"elementor-column elementor-col-50 elementor-top-column elementor-element elementor-element-4d861df\" data-id=\"4d861df\" data-element_type=\"column\" data-settings=\"{&quot;background_background&quot;:&quot;classic&quot;}\">\n\t\t\t<div class=\"elementor-widget-wrap elementor-element-populated\">\n\t\t\t\t\t\t<div class=\"elementor-element elementor-element-69511f6 elementor-align-center elementor-widget elementor-widget-heading\" data-id=\"69511f6\" data-element_type=\"widget\" data-widget_type=\"heading.default\">\n\t\t\t\t<div class=\"elementor-widget-container\">\n\t\t\t<h2 class=\"elementor-heading-title elementor-size-default\">Donate via Paypal <\/h2>\t\t<\/div>\n\t\t\t\t<\/div>\n\t\t\t\t<div class=\"elementor-element elementor-element-518b4bb elementor-widget elementor-widget-text-editor\" data-id=\"518b4bb\" data-element_type=\"widget\" data-widget_type=\"text-editor.default\">\n\t\t\t\t<div class=\"elementor-widget-container\">\n\t\t\t        <div class=\"elementor-text-editor elementor-clearfix\"><p style=\"text-align: justify;\">Scan the QR code with your cell phone or click on the button below. Both options will redirect you to our Paypal account.<\/p><\/div>\n        \t\t<\/div>\n\t\t\t\t<\/div>\n\t\t\t\t<div class=\"elementor-element elementor-element-9b3dc54 elementor-widget elementor-widget-image\" data-id=\"9b3dc54\" data-element_type=\"widget\" data-widget_type=\"image.default\">\n\t\t\t\t<div class=\"elementor-widget-container\">\n\t\t\t<style>\/*! elementor - v3.23.0 - 23-07-2024 *\/\n.elementor-widget-image{text-align:center}.elementor-widget-image a{display:inline-block}.elementor-widget-image a img[src$=\".svg\"]{width:48px}.elementor-widget-image img{vertical-align:middle;display:inline-block}<\/style>\t\t\t\t\t\t\t\t\t\t<img fetchpriority=\"high\" decoding=\"async\" width=\"300\" height=\"300\" src=\"https:\/\/armoniacolectiva.org\/wp-content\/uploads\/2021\/10\/qr-code-300x300.png\" class=\"attachment-medium size-medium wp-image-11433\" alt=\"\" srcset=\"https:\/\/armoniacolectiva.org\/wp-content\/uploads\/2021\/10\/qr-code-300x300.png 300w, https:\/\/armoniacolectiva.org\/wp-content\/uploads\/2021\/10\/qr-code-1024x1024.png 1024w, https:\/\/armoniacolectiva.org\/wp-content\/uploads\/2021\/10\/qr-code-150x150.png 150w, https:\/\/armoniacolectiva.org\/wp-content\/uploads\/2021\/10\/qr-code-768x768.png 768w, https:\/\/armoniacolectiva.org\/wp-content\/uploads\/2021\/10\/qr-code-120x120.png 120w, https:\/\/armoniacolectiva.org\/wp-content\/uploads\/2021\/10\/qr-code-12x12.png 12w, https:\/\/armoniacolectiva.org\/wp-content\/uploads\/2021\/10\/qr-code-400x400.png 400w, https:\/\/armoniacolectiva.org\/wp-content\/uploads\/2021\/10\/qr-code-160x160.png 160w, https:\/\/armoniacolectiva.org\/wp-content\/uploads\/2021\/10\/qr-code-100x100.png 100w, https:\/\/armoniacolectiva.org\/wp-content\/uploads\/2021\/10\/qr-code.png 1127w\" sizes=\"(max-width: 300px) 100vw, 300px\" \/>\t\t\t\t\t\t\t\t\t\t\t\t\t<\/div>\n\t\t\t\t<\/div>\n\t\t\t\t<div class=\"elementor-element elementor-element-5e7fd58 elementor-align-center elementor-button-primary elementor-widget elementor-widget-button\" data-id=\"5e7fd58\" data-element_type=\"widget\" data-widget_type=\"button.default\">\n\t\t\t\t<div class=\"elementor-widget-container\">\n\t\t\t        <div class=\"elementor-button-wrapper\">\n            <a href=\"https:\/\/www.paypal.com\/donate?hosted_button_id=X9SW6QGVTUMM4\" class=\"elementor-button-link elementor-button elementor-size-md elementor-animation-float\" target=\"_blank\" role=\"button\">\n                        <span class=\"elementor-button-content-wrapper\">\n\t\t\t            <span class=\"elementor-button-text\">Donate via Paypal<\/span>\n\t\t<\/span>\n\n\n                <\/a>\n        <\/div>\n        \t\t<\/div>\n\t\t\t\t<\/div>\n\t\t\t\t\t<\/div>\n\t\t<\/div>\n\t\t\t\t<div class=\"elementor-column elementor-col-50 elementor-top-column elementor-element elementor-element-c2e96b9\" data-id=\"c2e96b9\" data-element_type=\"column\" data-settings=\"{&quot;background_background&quot;:&quot;classic&quot;}\">\n\t\t\t<div class=\"elementor-widget-wrap elementor-element-populated\">\n\t\t\t\t\t\t<div class=\"elementor-element elementor-element-d0f0459 elementor-align-center elementor-widget elementor-widget-heading\" data-id=\"d0f0459\" data-element_type=\"widget\" data-widget_type=\"heading.default\">\n\t\t\t\t<div class=\"elementor-widget-container\">\n\t\t\t<h2 class=\"elementor-heading-title elementor-size-default\">Donate via Sinpe M\u00f3vil <\/h2>\t\t<\/div>\n\t\t\t\t<\/div>\n\t\t\t\t<div class=\"elementor-element elementor-element-873f9bd elementor-widget elementor-widget-text-editor\" data-id=\"873f9bd\" data-element_type=\"widget\" data-widget_type=\"text-editor.default\">\n\t\t\t\t<div class=\"elementor-widget-container\">\n\t\t\t        <div class=\"elementor-text-editor elementor-clearfix\"><p style=\"text-align: justify;\">(Costa Rica Nationals only). You can also donate from Costa Rica through Sinpe M\u00f3vil with the following information:<\/p><\/div>\n        \t\t<\/div>\n\t\t\t\t<\/div>\n\t\t\t\t<div class=\"elementor-element elementor-element-ad6e884 elementor-widget elementor-widget-spacer\" data-id=\"ad6e884\" data-element_type=\"widget\" data-widget_type=\"spacer.default\">\n\t\t\t\t<div class=\"elementor-widget-container\">\n\t\t\t<style>\/*! elementor - v3.23.0 - 23-07-2024 *\/\n.elementor-column .elementor-spacer-inner{height:var(--spacer-size)}.e-con{--container-widget-width:100%}.e-con-inner>.elementor-widget-spacer,.e-con>.elementor-widget-spacer{width:var(--container-widget-width,var(--spacer-size));--align-self:var(--container-widget-align-self,initial);--flex-shrink:0}.e-con-inner>.elementor-widget-spacer>.elementor-widget-container,.e-con>.elementor-widget-spacer>.elementor-widget-container{height:100%;width:100%}.e-con-inner>.elementor-widget-spacer>.elementor-widget-container>.elementor-spacer,.e-con>.elementor-widget-spacer>.elementor-widget-container>.elementor-spacer{height:100%}.e-con-inner>.elementor-widget-spacer>.elementor-widget-container>.elementor-spacer>.elementor-spacer-inner,.e-con>.elementor-widget-spacer>.elementor-widget-container>.elementor-spacer>.elementor-spacer-inner{height:var(--container-widget-height,var(--spacer-size))}.e-con-inner>.elementor-widget-spacer.elementor-widget-empty,.e-con>.elementor-widget-spacer.elementor-widget-empty{position:relative;min-height:22px;min-width:22px}.e-con-inner>.elementor-widget-spacer.elementor-widget-empty .elementor-widget-empty-icon,.e-con>.elementor-widget-spacer.elementor-widget-empty .elementor-widget-empty-icon{position:absolute;top:0;bottom:0;left:0;right:0;margin:auto;padding:0;width:22px;height:22px}<\/style>\t\t<div class=\"elementor-spacer\">\n\t\t\t<div class=\"elementor-spacer-inner\"><\/div>\n\t\t<\/div>\n\t\t\t\t<\/div>\n\t\t\t\t<\/div>\n\t\t\t\t<div class=\"elementor-element elementor-element-fc9bcbb elementor-view-stacked elementor-position-left elementor-vertical-align-middle elementor-shape-circle icon-box-default elementor-widget elementor-widget-icon-box\" data-id=\"fc9bcbb\" data-element_type=\"widget\" data-widget_type=\"icon-box.default\">\n\t\t\t\t<div class=\"elementor-widget-container\">\n\t\t\t<link rel=\"stylesheet\" href=\"https:\/\/armoniacolectiva.org\/wp-content\/plugins\/elementor\/assets\/css\/widget-icon-box.min.css\">        <div class=\"elementor-icon-box-wrapper\">\n                            <div class=\"elementor-icon-box-icon\">\n                    <span class=\"elementor-icon elementor-animation-\" >\n                                                    <i class=\"opal-icon- opal-icon-call opal-custom\" aria-hidden=\"true\"><\/i>\n                                            <\/span>\n                <\/div>\n                        <div class=\"elementor-icon-box-content\">\n                 <h4 class=\"elementor-icon-box-title\">\n                     <span >Phone number:<\/span>\n                 <\/h4>\n\n                                                    <p class=\"elementor-icon-box-description\">+506 8640 3764<\/p>\n                \n                \n            <\/div>\n        <\/div>\n        \t\t<\/div>\n\t\t\t\t<\/div>\n\t\t\t\t<div class=\"elementor-element elementor-element-dba1227 elementor-view-stacked elementor-position-left elementor-vertical-align-middle elementor-shape-circle icon-box-default elementor-widget elementor-widget-icon-box\" data-id=\"dba1227\" data-element_type=\"widget\" data-widget_type=\"icon-box.default\">\n\t\t\t\t<div class=\"elementor-widget-container\">\n\t\t\t        <div class=\"elementor-icon-box-wrapper\">\n                            <div class=\"elementor-icon-box-icon\">\n                    <span class=\"elementor-icon elementor-animation-\" >\n                                                    <i class=\"opal-icon- opal-icon-user opal-custom\" aria-hidden=\"true\"><\/i>\n                                            <\/span>\n                <\/div>\n                        <div class=\"elementor-icon-box-content\">\n                 <h4 class=\"elementor-icon-box-title\">\n                     <span >Under the name of: <\/span>\n                 <\/h4>\n\n                                                    <p class=\"elementor-icon-box-description\">Fundaci\u00f3n Armon\u00eda Colectiva<\/p>\n                \n                \n            <\/div>\n        <\/div>\n        \t\t<\/div>\n\t\t\t\t<\/div>\n\t\t\t\t<div class=\"elementor-element elementor-element-bcf2b5e elementor-view-stacked elementor-position-left elementor-vertical-align-middle elementor-shape-circle icon-box-default elementor-widget elementor-widget-icon-box\" data-id=\"bcf2b5e\" data-element_type=\"widget\" data-widget_type=\"icon-box.default\">\n\t\t\t\t<div class=\"elementor-widget-container\">\n\t\t\t        <div class=\"elementor-icon-box-wrapper\">\n                            <div class=\"elementor-icon-box-icon\">\n                    <span class=\"elementor-icon elementor-animation-\" >\n                                                    <i class=\"opal-icon- opal-icon-donate opal-custom\" aria-hidden=\"true\"><\/i>\n                                            <\/span>\n                <\/div>\n                        <div class=\"elementor-icon-box-content\">\n                 <h4 class=\"elementor-icon-box-title\">\n                     <span >Subject \/ Purpose:<\/span>\n                 <\/h4>\n\n                                                    <p class=\"elementor-icon-box-description\">\"Donation\" + Name of the donating person or institution.<\/p>\n                \n                \n            <\/div>\n        <\/div>\n        \t\t<\/div>\n\t\t\t\t<\/div>\n\t\t\t\t\t<\/div>\n\t\t<\/div>\n\t\t\t\t\t<\/div>\n\t\t<\/section>\n\t\t\t\t<section class=\"elementor-section elementor-top-section elementor-element elementor-element-05edb67 elementor-section-boxed elementor-section-height-default elementor-section-height-default\" data-id=\"05edb67\" data-element_type=\"section\">\n\t\t\t\t\t\t<div class=\"elementor-container elementor-column-gap-default\">\n\t\t\t\t\t<div class=\"elementor-column elementor-col-100 elementor-top-column elementor-element elementor-element-89ab07b\" data-id=\"89ab07b\" data-element_type=\"column\">\n\t\t\t<div class=\"elementor-widget-wrap elementor-element-populated\">\n\t\t\t\t\t\t<div class=\"elementor-element elementor-element-9dbaf27 elementor-widget elementor-widget-spacer\" data-id=\"9dbaf27\" data-element_type=\"widget\" data-widget_type=\"spacer.default\">\n\t\t\t\t<div class=\"elementor-widget-container\">\n\t\t\t\t\t<div class=\"elementor-spacer\">\n\t\t\t<div class=\"elementor-spacer-inner\"><\/div>\n\t\t<\/div>\n\t\t\t\t<\/div>\n\t\t\t\t<\/div>\n\t\t\t\t\t<\/div>\n\t\t<\/div>\n\t\t\t\t\t<\/div>\n\t\t<\/section>\n\t\t\t\t<\/div>","protected":false},"excerpt":{"rendered":"<p>Donaciones Crea un impacto junto a la Fundaci\u00f3n Armon\u00eda Colectiva Con tu donaci\u00f3n podr\u00e1s colaborar en el desarrollo de proyectos culturales con una visi\u00f3n social que impulse a muchas personas artistas y emprendedoras a ser agentes de cambio a trav\u00e9s de la FAC. Dona desde Paypal Sigue el c\u00f3digo QR con tu celular o da [&hellip;]<\/p>","protected":false},"author":1,"featured_media":10980,"parent":0,"menu_order":0,"comment_status":"closed","ping_status":"closed","template":"page-elementor.php","meta":{"inline_featured_image":false,"_monsterinsights_skip_tracking":false,"_monsterinsights_sitenote_active":false,"_monsterinsights_sitenote_note":"","_monsterinsights_sitenote_category":0,"footnotes":""},"class_list":["post-3081","page","type-page","status-publish","has-post-thumbnail","hentry"],"_links":{"self":[{"href":"https:\/\/armoniacolectiva.org\/en\/wp-json\/wp\/v2\/pages\/3081","targetHints":{"allow":["GET"]}}],"collection":[{"href":"https:\/\/armoniacolectiva.org\/en\/wp-json\/wp\/v2\/pages"}],"about":[{"href":"https:\/\/armoniacolectiva.org\/en\/wp-json\/wp\/v2\/types\/page"}],"author":[{"embeddable":true,"href":"https:\/\/armoniacolectiva.org\/en\/wp-json\/wp\/v2\/users\/1"}],"replies":[{"embeddable":true,"href":"https:\/\/armoniacolectiva.org\/en\/wp-json\/wp\/v2\/comments?post=3081"}],"version-history":[{"count":125,"href":"https:\/\/armoniacolectiva.org\/en\/wp-json\/wp\/v2\/pages\/3081\/revisions"}],"predecessor-version":[{"id":11825,"href":"https:\/\/armoniacolectiva.org\/en\/wp-json\/wp\/v2\/pages\/3081\/revisions\/11825"}],"wp:featuredmedia":[{"embeddable":true,"href":"https:\/\/armoniacolectiva.org\/en\/wp-json\/wp\/v2\/media\/10980"}],"wp:attachment":[{"href":"https:\/\/armoniacolectiva.org\/en\/wp-json\/wp\/v2\/media?parent=3081"}],"curies":[{"name":"wp","href":"https:\/\/api.w.org\/{rel}","templated":true}]}}