{"id":1351,"date":"2019-08-26T02:46:54","date_gmt":"2019-08-26T02:46:54","guid":{"rendered":"http:\/\/dev2.wpopal.com\/fundor\/?page_id=1351"},"modified":"2021-11-11T07:48:49","modified_gmt":"2021-11-11T07:48:49","slug":"contacto","status":"publish","type":"page","link":"https:\/\/armoniacolectiva.org\/en\/contacto\/","title":{"rendered":"Contact us"},"content":{"rendered":"<div data-elementor-type=\"wp-post\" data-elementor-id=\"1351\" class=\"elementor elementor-1351\">\n\t\t\t\t\t\t<section class=\"elementor-section elementor-top-section elementor-element elementor-element-0dc9b44 elementor-reverse-tablet elementor-reverse-mobile elementor-section-boxed elementor-section-height-default elementor-section-height-default\" data-id=\"0dc9b44\" data-element_type=\"section\">\n\t\t\t\t\t\t<div class=\"elementor-container elementor-column-gap-no\">\n\t\t\t\t\t<div class=\"elementor-column elementor-col-50 elementor-top-column elementor-element elementor-element-2e1e1b9\" data-id=\"2e1e1b9\" data-element_type=\"column\">\n\t\t\t<div class=\"elementor-widget-wrap elementor-element-populated\">\n\t\t\t\t\t\t<div class=\"elementor-element elementor-element-b3e5e31 elementor-widget elementor-widget-image\" data-id=\"b3e5e31\" data-element_type=\"widget\" data-widget_type=\"image.default\">\n\t\t\t\t<div class=\"elementor-widget-container\">\n\t\t\t<style>\/*! elementor - v3.23.0 - 23-07-2024 *\/\n.elementor-widget-image{text-align:center}.elementor-widget-image a{display:inline-block}.elementor-widget-image a img[src$=\".svg\"]{width:48px}.elementor-widget-image img{vertical-align:middle;display:inline-block}<\/style>\t\t\t\t\t\t\t\t\t\t<img fetchpriority=\"high\" decoding=\"async\" width=\"6379\" height=\"6378\" src=\"https:\/\/armoniacolectiva.org\/wp-content\/uploads\/2021\/08\/Elementos-graficos-07.png\" class=\"attachment-full size-full wp-image-9997\" alt=\"\" srcset=\"https:\/\/armoniacolectiva.org\/wp-content\/uploads\/2021\/08\/Elementos-graficos-07.png 6379w, https:\/\/armoniacolectiva.org\/wp-content\/uploads\/2021\/08\/Elementos-graficos-07-300x300.png 300w, https:\/\/armoniacolectiva.org\/wp-content\/uploads\/2021\/08\/Elementos-graficos-07-1024x1024.png 1024w, https:\/\/armoniacolectiva.org\/wp-content\/uploads\/2021\/08\/Elementos-graficos-07-150x150.png 150w, https:\/\/armoniacolectiva.org\/wp-content\/uploads\/2021\/08\/Elementos-graficos-07-768x768.png 768w, https:\/\/armoniacolectiva.org\/wp-content\/uploads\/2021\/08\/Elementos-graficos-07-120x120.png 120w, https:\/\/armoniacolectiva.org\/wp-content\/uploads\/2021\/08\/Elementos-graficos-07-1536x1536.png 1536w, https:\/\/armoniacolectiva.org\/wp-content\/uploads\/2021\/08\/Elementos-graficos-07-2048x2048.png 2048w, https:\/\/armoniacolectiva.org\/wp-content\/uploads\/2021\/08\/Elementos-graficos-07-400x400.png 400w, https:\/\/armoniacolectiva.org\/wp-content\/uploads\/2021\/08\/Elementos-graficos-07-160x160.png 160w, https:\/\/armoniacolectiva.org\/wp-content\/uploads\/2021\/08\/Elementos-graficos-07-100x100.png 100w\" sizes=\"(max-width: 6379px) 100vw, 6379px\" \/>\t\t\t\t\t\t\t\t\t\t\t\t\t<\/div>\n\t\t\t\t<\/div>\n\t\t\t\t\t<\/div>\n\t\t<\/div>\n\t\t\t\t<div class=\"elementor-column elementor-col-50 elementor-top-column elementor-element elementor-element-eb89580\" data-id=\"eb89580\" data-element_type=\"column\">\n\t\t\t<div class=\"elementor-widget-wrap elementor-element-populated\">\n\t\t\t\t\t\t<div class=\"elementor-element elementor-element-8d86127 elementor-align-left elementor-widget elementor-widget-heading\" data-id=\"8d86127\" data-element_type=\"widget\" data-widget_type=\"heading.default\">\n\t\t\t\t<div class=\"elementor-widget-container\">\n\t\t\t<style>\/*! elementor - v3.23.0 - 23-07-2024 *\/\n.elementor-heading-title{padding:0;margin:0;line-height:1}.elementor-widget-heading .elementor-heading-title[class*=elementor-size-]>a{color:inherit;font-size:inherit;line-height:inherit}.elementor-widget-heading .elementor-heading-title.elementor-size-small{font-size:15px}.elementor-widget-heading .elementor-heading-title.elementor-size-medium{font-size:19px}.elementor-widget-heading .elementor-heading-title.elementor-size-large{font-size:29px}.elementor-widget-heading .elementor-heading-title.elementor-size-xl{font-size:39px}.elementor-widget-heading .elementor-heading-title.elementor-size-xxl{font-size:59px}<\/style><span class=\"sub-title\">We want to meet you<\/span><h1 class=\"elementor-heading-title elementor-size-default\">Contact us<\/h1>\t\t<\/div>\n\t\t\t\t<\/div>\n\t\t\t\t<div class=\"elementor-element elementor-element-0ca0366 elementor-view-stacked elementor-vertical-align-middle elementor-position-left elementor-shape-circle icon-box-default elementor-widget elementor-widget-icon-box\" data-id=\"0ca0366\" data-element_type=\"widget\" data-widget_type=\"icon-box.default\">\n\t\t\t\t<div class=\"elementor-widget-container\">\n\t\t\t<link rel=\"stylesheet\" href=\"https:\/\/armoniacolectiva.org\/wp-content\/plugins\/elementor\/assets\/css\/widget-icon-box.min.css\">        <div class=\"elementor-icon-box-wrapper\">\n                            <div class=\"elementor-icon-box-icon\">\n                    <span class=\"elementor-icon elementor-animation-\" >\n                                                    <i class=\"far fa-envelope fa-regular\" aria-hidden=\"true\"><\/i>\n                                            <\/span>\n                <\/div>\n                        <div class=\"elementor-icon-box-content\">\n                 <h4 class=\"elementor-icon-box-title\">\n                     <span >Administrative Coordination<\/span>\n                 <\/h4>\n\n                                                    <p class=\"elementor-icon-box-description\">info@armoniacolectiva.org<\/p>\n                \n                \n            <\/div>\n        <\/div>\n        \t\t<\/div>\n\t\t\t\t<\/div>\n\t\t\t\t<div class=\"elementor-element elementor-element-790ab88 elementor-view-stacked elementor-vertical-align-middle elementor-position-left elementor-shape-circle icon-box-default elementor-widget elementor-widget-icon-box\" data-id=\"790ab88\" data-element_type=\"widget\" data-widget_type=\"icon-box.default\">\n\t\t\t\t<div class=\"elementor-widget-container\">\n\t\t\t        <div class=\"elementor-icon-box-wrapper\">\n                            <div class=\"elementor-icon-box-icon\">\n                    <span class=\"elementor-icon elementor-animation-\" >\n                                                    <i class=\"far fa-envelope fa-regular\" aria-hidden=\"true\"><\/i>\n                                            <\/span>\n                <\/div>\n                        <div class=\"elementor-icon-box-content\">\n                 <h4 class=\"elementor-icon-box-title\">\n                     <span >Educational Coordination<\/span>\n                 <\/h4>\n\n                                                    <p class=\"elementor-icon-box-description\">educacion@armoniacolectiva.org<\/p>\n                \n                \n            <\/div>\n        <\/div>\n        \t\t<\/div>\n\t\t\t\t<\/div>\n\t\t\t\t<div class=\"elementor-element elementor-element-b7ddccc elementor-view-stacked elementor-vertical-align-middle elementor-position-left elementor-shape-circle icon-box-default elementor-widget elementor-widget-icon-box\" data-id=\"b7ddccc\" data-element_type=\"widget\" data-widget_type=\"icon-box.default\">\n\t\t\t\t<div class=\"elementor-widget-container\">\n\t\t\t        <div class=\"elementor-icon-box-wrapper\">\n                            <div class=\"elementor-icon-box-icon\">\n                    <span class=\"elementor-icon elementor-animation-\" >\n                                                    <i class=\"far fa-envelope fa-regular\" aria-hidden=\"true\"><\/i>\n                                            <\/span>\n                <\/div>\n                        <div class=\"elementor-icon-box-content\">\n                 <h4 class=\"elementor-icon-box-title\">\n                     <span >Executive Direction<\/span>\n                 <\/h4>\n\n                                                    <p class=\"elementor-icon-box-description\">mariaquesada@armoniacolectiva.org<\/p>\n                \n                \n            <\/div>\n        <\/div>\n        \t\t<\/div>\n\t\t\t\t<\/div>\n\t\t\t\t\t<\/div>\n\t\t<\/div>\n\t\t\t\t\t<\/div>\n\t\t<\/section>\n\t\t\t\t<section class=\"elementor-section elementor-top-section elementor-element elementor-element-97da944 elementor-section-boxed elementor-section-height-default elementor-section-height-default\" data-id=\"97da944\" data-element_type=\"section\">\n\t\t\t\t\t\t<div class=\"elementor-container elementor-column-gap-no\">\n\t\t\t\t\t<div class=\"elementor-column elementor-col-100 elementor-top-column elementor-element elementor-element-800a25e\" data-id=\"800a25e\" data-element_type=\"column\" data-settings=\"{&quot;background_background&quot;:&quot;classic&quot;}\">\n\t\t\t<div class=\"elementor-widget-wrap elementor-element-populated\">\n\t\t\t\t\t\t<div class=\"elementor-element elementor-element-5b72074 elementor-mobile-align-center elementor-align-left elementor-widget elementor-widget-heading\" data-id=\"5b72074\" data-element_type=\"widget\" data-widget_type=\"heading.default\">\n\t\t\t\t<div class=\"elementor-widget-container\">\n\t\t\t<h2 class=\"elementor-heading-title elementor-size-default\">Write to us<\/h2>\t\t<\/div>\n\t\t\t\t<\/div>\n\t\t\t\t<div class=\"elementor-element elementor-element-d460431 elementor-widget elementor-widget-text-editor\" data-id=\"d460431\" data-element_type=\"widget\" data-widget_type=\"text-editor.default\">\n\t\t\t\t<div class=\"elementor-widget-container\">\n\t\t\t<style>\/*! elementor - v3.23.0 - 23-07-2024 *\/\n.elementor-widget-text-editor.elementor-drop-cap-view-stacked .elementor-drop-cap{background-color:#69727d;color:#fff}.elementor-widget-text-editor.elementor-drop-cap-view-framed .elementor-drop-cap{color:#69727d;border:3px solid;background-color:transparent}.elementor-widget-text-editor:not(.elementor-drop-cap-view-default) .elementor-drop-cap{margin-top:8px}.elementor-widget-text-editor:not(.elementor-drop-cap-view-default) .elementor-drop-cap-letter{width:1em;height:1em}.elementor-widget-text-editor .elementor-drop-cap{float:left;text-align:center;line-height:1;font-size:50px}.elementor-widget-text-editor .elementor-drop-cap-letter{display:inline-block}<\/style>        <div class=\"elementor-text-editor elementor-clearfix\"><p style=\"text-align: justify;\">Your email address will not be published. Fields marked with * are required.<\/p><\/div>\n        \t\t<\/div>\n\t\t\t\t<\/div>\n\t\t\t\t<div class=\"elementor-element elementor-element-e20b949 elementor-wpcf7-button-primary elementor-wpcf7-button-md elementor-widget elementor-widget-opal-contactform7\" data-id=\"e20b949\" data-element_type=\"widget\" data-widget_type=\"opal-contactform7.default\">\n\t\t\t\t<div class=\"elementor-widget-container\">\n\t\t\t\n<div class=\"wpcf7 no-js\" id=\"wpcf7-f1319-o1\" lang=\"en-US\" dir=\"ltr\">\n<div class=\"screen-reader-response\"><p role=\"status\" aria-live=\"polite\" aria-atomic=\"true\"><\/p> <ul><\/ul><\/div>\n<form action=\"\/en\/wp-json\/wp\/v2\/pages\/1351#wpcf7-f1319-o1\" method=\"post\" class=\"wpcf7-form init\" aria-label=\"Contact form\" novalidate=\"novalidate\" data-status=\"init\" data-trp-original-action=\"\/en\/wp-json\/wp\/v2\/pages\/1351#wpcf7-f1319-o1\">\n<div style=\"display: none;\">\n<input type=\"hidden\" name=\"_wpcf7\" value=\"1319\" \/>\n<input type=\"hidden\" name=\"_wpcf7_version\" value=\"5.9.7\" \/>\n<input type=\"hidden\" name=\"_wpcf7_locale\" value=\"en_US\" \/>\n<input type=\"hidden\" name=\"_wpcf7_unit_tag\" value=\"wpcf7-f1319-o1\" \/>\n<input type=\"hidden\" name=\"_wpcf7_container_post\" value=\"0\" \/>\n<input type=\"hidden\" name=\"_wpcf7_posted_data_hash\" value=\"\" \/>\n<\/div>\n<div class=\"row\">\n\t<div class=\"col-md-12\">\n\t\t<div class=\"mb-4\">\n\t\t\t<p><label>Name *<\/label><span class=\"wpcf7-form-control-wrap\" data-name=\"text-437\"><input size=\"40\" maxlength=\"400\" class=\"wpcf7-form-control wpcf7-text\" id=\"form-name-2\" aria-invalid=\"false\" value=\"\" type=\"text\" name=\"text-437\" \/><\/span>\n\t\t\t<\/p>\n\t\t<\/div>\n\t\t<div class=\"mb-4\">\n\t\t\t<p><label>Email *<\/label><span class=\"wpcf7-form-control-wrap\" data-name=\"email-1057\"><input size=\"40\" maxlength=\"400\" class=\"wpcf7-form-control wpcf7-email wpcf7-validates-as-required wpcf7-text wpcf7-validates-as-email\" id=\"form-email-2\" aria-required=\"true\" aria-invalid=\"false\" value=\"\" type=\"email\" name=\"email-1057\" \/><\/span>\n\t\t\t<\/p>\n\t\t<\/div>\n\t<\/div>\n\t<div class=\"col-md-6\">\n\t\t<div class=\"mb-4\">\n\t\t\t<p><label>Phone number *<\/label><span class=\"wpcf7-form-control-wrap\" data-name=\"text-319\"><input class=\"wpcf7-form-control wpcf7-number wpcf7-validates-as-number\" id=\"form-phone-2\" aria-invalid=\"false\" value=\"\" type=\"number\" name=\"text-319\" \/><\/span>\n\t\t\t<\/p>\n\t\t<\/div>\n\t<\/div>\n\t<div class=\"col-md-6\">\n\t\t<div class=\"mb-4\">\n\t\t\t<p><label>Birth date *<\/label><span class=\"wpcf7-form-control-wrap\" data-name=\"date-219\"><input class=\"wpcf7-form-control wpcf7-date wpcf7-validates-as-date\" id=\"form-date\" aria-invalid=\"false\" value=\"\" type=\"date\" name=\"date-219\" \/><\/span>\n\t\t\t<\/p>\n\t\t<\/div>\n\t<\/div>\n\t<div class=\"col-md-6\">\n\t\t<div class=\"mb-4\">\n\t\t\t<p><label> Message *<\/label><span class=\"wpcf7-form-control-wrap\" data-name=\"text-459\"><input size=\"40\" maxlength=\"400\" class=\"wpcf7-form-control wpcf7-text\" aria-invalid=\"false\" value=\"\" type=\"text\" name=\"text-459\" \/><\/span>\n\t\t\t<\/p>\n\t\t<\/div>\n\t<\/div>\n<\/div>\n<p><input class=\"wpcf7-form-control wpcf7-submit has-spinner\" type=\"submit\" value=\"Send\" \/>\n<\/p><input type='hidden' class='wpcf7-pum' value='{\"closepopup\":false,\"closedelay\":0,\"openpopup\":false,\"openpopup_id\":0}' \/><div class=\"wpcf7-response-output\" aria-hidden=\"true\"><\/div>\n<input type=\"hidden\" name=\"trp-form-language\" value=\"en\"\/><\/form>\n<\/div>\n\t\t<\/div>\n\t\t\t\t<\/div>\n\t\t\t\t\t<\/div>\n\t\t<\/div>\n\t\t\t\t\t<\/div>\n\t\t<\/section>\n\t\t\t\t<section class=\"elementor-section elementor-top-section elementor-element elementor-element-91636e0 elementor-section-full_width elementor-section-stretched elementor-section-height-default elementor-section-height-default\" data-id=\"91636e0\" data-element_type=\"section\" data-settings=\"{&quot;stretch_section&quot;:&quot;section-stretched&quot;}\">\n\t\t\t\t\t\t<div class=\"elementor-container elementor-column-gap-no\">\n\t\t\t\t\t<div class=\"elementor-column elementor-col-100 elementor-top-column elementor-element elementor-element-c0e2277\" data-id=\"c0e2277\" data-element_type=\"column\">\n\t\t\t<div class=\"elementor-widget-wrap\">\n\t\t\t\t\t\t\t<\/div>\n\t\t<\/div>\n\t\t\t\t\t<\/div>\n\t\t<\/section>\n\t\t\t\t<section class=\"elementor-section elementor-top-section elementor-element elementor-element-bce719c elementor-section-boxed elementor-section-height-default elementor-section-height-default\" data-id=\"bce719c\" data-element_type=\"section\">\n\t\t\t\t\t\t<div class=\"elementor-container elementor-column-gap-default\">\n\t\t\t\t\t<div class=\"elementor-column elementor-col-100 elementor-top-column elementor-element elementor-element-37ebc32\" data-id=\"37ebc32\" data-element_type=\"column\">\n\t\t\t<div class=\"elementor-widget-wrap\">\n\t\t\t\t\t\t\t<\/div>\n\t\t<\/div>\n\t\t\t\t\t<\/div>\n\t\t<\/section>\n\t\t\t\t<section class=\"elementor-section elementor-top-section elementor-element elementor-element-0911a70 elementor-section-boxed elementor-section-height-default elementor-section-height-default\" data-id=\"0911a70\" data-element_type=\"section\">\n\t\t\t\t\t\t<div class=\"elementor-container elementor-column-gap-default\">\n\t\t\t\t\t<div class=\"elementor-column elementor-col-100 elementor-top-column elementor-element elementor-element-d495f9d\" data-id=\"d495f9d\" data-element_type=\"column\">\n\t\t\t<div class=\"elementor-widget-wrap elementor-element-populated\">\n\t\t\t\t\t\t<div class=\"elementor-element elementor-element-dc033c0 elementor-widget elementor-widget-spacer\" data-id=\"dc033c0\" data-element_type=\"widget\" data-widget_type=\"spacer.default\">\n\t\t\t\t<div class=\"elementor-widget-container\">\n\t\t\t<style>\/*! elementor - v3.23.0 - 23-07-2024 *\/\n.elementor-column .elementor-spacer-inner{height:var(--spacer-size)}.e-con{--container-widget-width:100%}.e-con-inner>.elementor-widget-spacer,.e-con>.elementor-widget-spacer{width:var(--container-widget-width,var(--spacer-size));--align-self:var(--container-widget-align-self,initial);--flex-shrink:0}.e-con-inner>.elementor-widget-spacer>.elementor-widget-container,.e-con>.elementor-widget-spacer>.elementor-widget-container{height:100%;width:100%}.e-con-inner>.elementor-widget-spacer>.elementor-widget-container>.elementor-spacer,.e-con>.elementor-widget-spacer>.elementor-widget-container>.elementor-spacer{height:100%}.e-con-inner>.elementor-widget-spacer>.elementor-widget-container>.elementor-spacer>.elementor-spacer-inner,.e-con>.elementor-widget-spacer>.elementor-widget-container>.elementor-spacer>.elementor-spacer-inner{height:var(--container-widget-height,var(--spacer-size))}.e-con-inner>.elementor-widget-spacer.elementor-widget-empty,.e-con>.elementor-widget-spacer.elementor-widget-empty{position:relative;min-height:22px;min-width:22px}.e-con-inner>.elementor-widget-spacer.elementor-widget-empty .elementor-widget-empty-icon,.e-con>.elementor-widget-spacer.elementor-widget-empty .elementor-widget-empty-icon{position:absolute;top:0;bottom:0;left:0;right:0;margin:auto;padding:0;width:22px;height:22px}<\/style>\t\t<div class=\"elementor-spacer\">\n\t\t\t<div class=\"elementor-spacer-inner\"><\/div>\n\t\t<\/div>\n\t\t\t\t<\/div>\n\t\t\t\t<\/div>\n\t\t\t\t\t<\/div>\n\t\t<\/div>\n\t\t\t\t\t<\/div>\n\t\t<\/section>\n\t\t\t\t<\/div>","protected":false},"excerpt":{"rendered":"<p>Queremos conocerte Cont\u00e1ctanos Coordinaci\u00f3n Administrativa info@armoniacolectiva.org Coordinaci\u00f3n Educativa educacion@armoniacolectiva.org Direcci\u00f3n Ejecutiva mariaquesada@armoniacolectiva.org Escr\u00edbenos Tu direcci\u00f3n de correo electr\u00f3nico no ser\u00e1 publicada. Las casillas marcadas con * son obligatorias. Nombre * Direcci\u00f3n de correo electr\u00f3nico * N\u00famero telef\u00f3nico * Fecha de Nacimiento * Mensaje *<\/p>","protected":false},"author":1,"featured_media":10980,"parent":0,"menu_order":0,"comment_status":"closed","ping_status":"closed","template":"","meta":{"inline_featured_image":false,"_monsterinsights_skip_tracking":false,"_monsterinsights_sitenote_active":false,"_monsterinsights_sitenote_note":"","_monsterinsights_sitenote_category":0,"footnotes":""},"class_list":["post-1351","page","type-page","status-publish","has-post-thumbnail","hentry"],"_links":{"self":[{"href":"https:\/\/armoniacolectiva.org\/en\/wp-json\/wp\/v2\/pages\/1351","targetHints":{"allow":["GET"]}}],"collection":[{"href":"https:\/\/armoniacolectiva.org\/en\/wp-json\/wp\/v2\/pages"}],"about":[{"href":"https:\/\/armoniacolectiva.org\/en\/wp-json\/wp\/v2\/types\/page"}],"author":[{"embeddable":true,"href":"https:\/\/armoniacolectiva.org\/en\/wp-json\/wp\/v2\/users\/1"}],"replies":[{"embeddable":true,"href":"https:\/\/armoniacolectiva.org\/en\/wp-json\/wp\/v2\/comments?post=1351"}],"version-history":[{"count":27,"href":"https:\/\/armoniacolectiva.org\/en\/wp-json\/wp\/v2\/pages\/1351\/revisions"}],"predecessor-version":[{"id":11999,"href":"https:\/\/armoniacolectiva.org\/en\/wp-json\/wp\/v2\/pages\/1351\/revisions\/11999"}],"wp:featuredmedia":[{"embeddable":true,"href":"https:\/\/armoniacolectiva.org\/en\/wp-json\/wp\/v2\/media\/10980"}],"wp:attachment":[{"href":"https:\/\/armoniacolectiva.org\/en\/wp-json\/wp\/v2\/media?parent=1351"}],"curies":[{"name":"wp","href":"https:\/\/api.w.org\/{rel}","templated":true}]}}