{"id":11160,"date":"2021-10-12T08:49:52","date_gmt":"2021-10-12T08:49:52","guid":{"rendered":"https:\/\/armoniacolectiva.org\/?page_id=11160"},"modified":"2021-10-29T16:10:14","modified_gmt":"2021-10-29T16:10:14","slug":"donacion-exitosa","status":"publish","type":"page","link":"https:\/\/armoniacolectiva.org\/en\/donacion-exitosa\/","title":{"rendered":"\u00a1Muchas gracias!"},"content":{"rendered":"<div data-elementor-type=\"wp-post\" data-elementor-id=\"11160\" class=\"elementor elementor-11160\">\n\t\t\t\t\t\t<section class=\"elementor-section elementor-top-section elementor-element elementor-element-c682e0f elementor-reverse-tablet elementor-reverse-mobile elementor-section-boxed elementor-section-height-default elementor-section-height-default\" data-id=\"c682e0f\" data-element_type=\"section\">\n\t\t\t\t\t\t<div class=\"elementor-container elementor-column-gap-no\">\n\t\t\t\t\t<div class=\"elementor-column elementor-col-50 elementor-top-column elementor-element elementor-element-21df775\" data-id=\"21df775\" data-element_type=\"column\">\n\t\t\t<div class=\"elementor-widget-wrap elementor-element-populated\">\n\t\t\t\t\t\t<div class=\"elementor-element elementor-element-8b682ed elementor-widget elementor-widget-image\" data-id=\"8b682ed\" data-element_type=\"widget\" data-widget_type=\"image.default\">\n\t\t\t\t<div class=\"elementor-widget-container\">\n\t\t\t<style>\/*! elementor - v3.23.0 - 23-07-2024 *\/\n.elementor-widget-image{text-align:center}.elementor-widget-image a{display:inline-block}.elementor-widget-image a img[src$=\".svg\"]{width:48px}.elementor-widget-image img{vertical-align:middle;display:inline-block}<\/style>\t\t\t\t\t\t\t\t\t\t<img fetchpriority=\"high\" decoding=\"async\" width=\"600\" height=\"600\" src=\"https:\/\/armoniacolectiva.org\/wp-content\/uploads\/2021\/08\/Elementos-graficos-07-1024x1024.png\" class=\"attachment-large size-large wp-image-9997\" alt=\"\" srcset=\"https:\/\/armoniacolectiva.org\/wp-content\/uploads\/2021\/08\/Elementos-graficos-07-1024x1024.png 1024w, https:\/\/armoniacolectiva.org\/wp-content\/uploads\/2021\/08\/Elementos-graficos-07-300x300.png 300w, https:\/\/armoniacolectiva.org\/wp-content\/uploads\/2021\/08\/Elementos-graficos-07-150x150.png 150w, https:\/\/armoniacolectiva.org\/wp-content\/uploads\/2021\/08\/Elementos-graficos-07-768x768.png 768w, https:\/\/armoniacolectiva.org\/wp-content\/uploads\/2021\/08\/Elementos-graficos-07-120x120.png 120w, https:\/\/armoniacolectiva.org\/wp-content\/uploads\/2021\/08\/Elementos-graficos-07-1536x1536.png 1536w, https:\/\/armoniacolectiva.org\/wp-content\/uploads\/2021\/08\/Elementos-graficos-07-2048x2048.png 2048w, https:\/\/armoniacolectiva.org\/wp-content\/uploads\/2021\/08\/Elementos-graficos-07-400x400.png 400w, https:\/\/armoniacolectiva.org\/wp-content\/uploads\/2021\/08\/Elementos-graficos-07-160x160.png 160w, https:\/\/armoniacolectiva.org\/wp-content\/uploads\/2021\/08\/Elementos-graficos-07-100x100.png 100w\" sizes=\"(max-width: 600px) 100vw, 600px\" \/>\t\t\t\t\t\t\t\t\t\t\t\t\t<\/div>\n\t\t\t\t<\/div>\n\t\t\t\t\t<\/div>\n\t\t<\/div>\n\t\t\t\t<div class=\"elementor-column elementor-col-50 elementor-top-column elementor-element elementor-element-f74c6eb\" data-id=\"f74c6eb\" data-element_type=\"column\">\n\t\t\t<div class=\"elementor-widget-wrap elementor-element-populated\">\n\t\t\t\t\t\t<div class=\"elementor-element elementor-element-70ff481 elementor-align-center elementor-widget elementor-widget-heading\" data-id=\"70ff481\" data-element_type=\"widget\" data-widget_type=\"heading.default\">\n\t\t\t\t<div class=\"elementor-widget-container\">\n\t\t\t<style>\/*! elementor - v3.23.0 - 23-07-2024 *\/\n.elementor-heading-title{padding:0;margin:0;line-height:1}.elementor-widget-heading .elementor-heading-title[class*=elementor-size-]>a{color:inherit;font-size:inherit;line-height:inherit}.elementor-widget-heading .elementor-heading-title.elementor-size-small{font-size:15px}.elementor-widget-heading .elementor-heading-title.elementor-size-medium{font-size:19px}.elementor-widget-heading .elementor-heading-title.elementor-size-large{font-size:29px}.elementor-widget-heading .elementor-heading-title.elementor-size-xl{font-size:39px}.elementor-widget-heading .elementor-heading-title.elementor-size-xxl{font-size:59px}<\/style><span class=\"sub-title\">donaci\u00f3n exitosa<\/span><h1 class=\"elementor-heading-title elementor-size-xxl\">\u00a1Muchas gracias!<\/h1>\t\t<\/div>\n\t\t\t\t<\/div>\n\t\t\t\t<div class=\"elementor-element elementor-element-429fc18 elementor-vertical-align-middle icon-box-default elementor-widget elementor-widget-icon-box\" data-id=\"429fc18\" data-element_type=\"widget\" data-widget_type=\"icon-box.default\">\n\t\t\t\t<div class=\"elementor-widget-container\">\n\t\t\t<link rel=\"stylesheet\" href=\"https:\/\/armoniacolectiva.org\/wp-content\/plugins\/elementor\/assets\/css\/widget-icon-box.min.css\">        <div class=\"elementor-icon-box-wrapper\">\n                        <div class=\"elementor-icon-box-content\">\n                 <h1 class=\"elementor-icon-box-title\">\n                     <span ><\/span>\n                 <\/h1>\n\n                                                    <p class=\"elementor-icon-box-description\"><br>Agradecemos infinitamente tu apoyo a la Fundaci\u00f3n Armon\u00eda Colectiva. <br><br>Con esta donaci\u00f3n ayudar\u00e1s a artistas a lograr sus sue\u00f1os y a desarrollarse integralmente a trav\u00e9s de la m\u00fasica.<br><\/p>\n                \n                \n            <\/div>\n        <\/div>\n        \t\t<\/div>\n\t\t\t\t<\/div>\n\t\t\t\t<div class=\"elementor-element elementor-element-4f7d16f elementor-widget elementor-widget-image\" data-id=\"4f7d16f\" data-element_type=\"widget\" data-widget_type=\"image.default\">\n\t\t\t\t<div class=\"elementor-widget-container\">\n\t\t\t\t\t\t\t\t\t\t\t\t\t<img decoding=\"async\" width=\"150\" height=\"150\" src=\"https:\/\/armoniacolectiva.org\/wp-content\/uploads\/2021\/09\/Isologotipo-FAC-04-2-150x150.png\" class=\"attachment-thumbnail size-thumbnail wp-image-10980\" alt=\"\" srcset=\"https:\/\/armoniacolectiva.org\/wp-content\/uploads\/2021\/09\/Isologotipo-FAC-04-2-150x150.png 150w, https:\/\/armoniacolectiva.org\/wp-content\/uploads\/2021\/09\/Isologotipo-FAC-04-2-300x300.png 300w, https:\/\/armoniacolectiva.org\/wp-content\/uploads\/2021\/09\/Isologotipo-FAC-04-2-1024x1024.png 1024w, https:\/\/armoniacolectiva.org\/wp-content\/uploads\/2021\/09\/Isologotipo-FAC-04-2-768x768.png 768w, https:\/\/armoniacolectiva.org\/wp-content\/uploads\/2021\/09\/Isologotipo-FAC-04-2-120x120.png 120w, https:\/\/armoniacolectiva.org\/wp-content\/uploads\/2021\/09\/Isologotipo-FAC-04-2-1536x1536.png 1536w, https:\/\/armoniacolectiva.org\/wp-content\/uploads\/2021\/09\/Isologotipo-FAC-04-2-2048x2048.png 2048w, https:\/\/armoniacolectiva.org\/wp-content\/uploads\/2021\/09\/Isologotipo-FAC-04-2-400x400.png 400w, https:\/\/armoniacolectiva.org\/wp-content\/uploads\/2021\/09\/Isologotipo-FAC-04-2-160x160.png 160w, https:\/\/armoniacolectiva.org\/wp-content\/uploads\/2021\/09\/Isologotipo-FAC-04-2-100x100.png 100w\" sizes=\"(max-width: 150px) 100vw, 150px\" \/>\t\t\t\t\t\t\t\t\t\t\t\t\t<\/div>\n\t\t\t\t<\/div>\n\t\t\t\t\t<\/div>\n\t\t<\/div>\n\t\t\t\t\t<\/div>\n\t\t<\/section>\n\t\t\t\t<section class=\"elementor-section elementor-top-section elementor-element elementor-element-7f5f5b7 elementor-section-boxed elementor-section-height-default elementor-section-height-default\" data-id=\"7f5f5b7\" data-element_type=\"section\">\n\t\t\t\t\t\t<div class=\"elementor-container elementor-column-gap-default\">\n\t\t\t\t\t<div class=\"elementor-column elementor-col-100 elementor-top-column elementor-element elementor-element-4f91e5d\" data-id=\"4f91e5d\" data-element_type=\"column\">\n\t\t\t<div class=\"elementor-widget-wrap\">\n\t\t\t\t\t\t\t<\/div>\n\t\t<\/div>\n\t\t\t\t\t<\/div>\n\t\t<\/section>\n\t\t\t\t<\/div>","protected":false},"excerpt":{"rendered":"<p>donaci\u00f3n exitosa \u00a1Muchas gracias! Agradecemos infinitamente tu apoyo a la Fundaci\u00f3n Armon\u00eda Colectiva. Con esta donaci\u00f3n ayudar\u00e1s a artistas a lograr sus sue\u00f1os y a desarrollarse integralmente a trav\u00e9s de la m\u00fasica.<\/p>","protected":false},"author":1,"featured_media":10980,"parent":0,"menu_order":0,"comment_status":"closed","ping_status":"closed","template":"","meta":{"inline_featured_image":false,"_monsterinsights_skip_tracking":false,"_monsterinsights_sitenote_active":false,"_monsterinsights_sitenote_note":"","_monsterinsights_sitenote_category":0,"footnotes":""},"class_list":["post-11160","page","type-page","status-publish","has-post-thumbnail","hentry"],"_links":{"self":[{"href":"https:\/\/armoniacolectiva.org\/en\/wp-json\/wp\/v2\/pages\/11160","targetHints":{"allow":["GET"]}}],"collection":[{"href":"https:\/\/armoniacolectiva.org\/en\/wp-json\/wp\/v2\/pages"}],"about":[{"href":"https:\/\/armoniacolectiva.org\/en\/wp-json\/wp\/v2\/types\/page"}],"author":[{"embeddable":true,"href":"https:\/\/armoniacolectiva.org\/en\/wp-json\/wp\/v2\/users\/1"}],"replies":[{"embeddable":true,"href":"https:\/\/armoniacolectiva.org\/en\/wp-json\/wp\/v2\/comments?post=11160"}],"version-history":[{"count":5,"href":"https:\/\/armoniacolectiva.org\/en\/wp-json\/wp\/v2\/pages\/11160\/revisions"}],"predecessor-version":[{"id":11165,"href":"https:\/\/armoniacolectiva.org\/en\/wp-json\/wp\/v2\/pages\/11160\/revisions\/11165"}],"wp:featuredmedia":[{"embeddable":true,"href":"https:\/\/armoniacolectiva.org\/en\/wp-json\/wp\/v2\/media\/10980"}],"wp:attachment":[{"href":"https:\/\/armoniacolectiva.org\/en\/wp-json\/wp\/v2\/media?parent=11160"}],"curies":[{"name":"wp","href":"https:\/\/api.w.org\/{rel}","templated":true}]}}