{"id":11148,"date":"2021-10-12T08:21:29","date_gmt":"2021-10-12T08:21:29","guid":{"rendered":"https:\/\/armoniacolectiva.org\/?page_id=11148"},"modified":"2021-10-29T16:09:57","modified_gmt":"2021-10-29T16:09:57","slug":"donacion-interrumpida","status":"publish","type":"page","link":"https:\/\/armoniacolectiva.org\/en\/donacion-interrumpida\/","title":{"rendered":"\u00a1Espera!"},"content":{"rendered":"<div data-elementor-type=\"wp-post\" data-elementor-id=\"11148\" class=\"elementor elementor-11148\">\n\t\t\t\t\t\t<section class=\"elementor-section elementor-top-section elementor-element elementor-element-0dc9b44 elementor-reverse-tablet elementor-reverse-mobile elementor-section-boxed elementor-section-height-default elementor-section-height-default\" data-id=\"0dc9b44\" data-element_type=\"section\">\n\t\t\t\t\t\t<div class=\"elementor-container elementor-column-gap-no\">\n\t\t\t\t\t<div class=\"elementor-column elementor-col-50 elementor-top-column elementor-element elementor-element-2e1e1b9\" data-id=\"2e1e1b9\" data-element_type=\"column\">\n\t\t\t<div class=\"elementor-widget-wrap elementor-element-populated\">\n\t\t\t\t\t\t<div class=\"elementor-element elementor-element-b3e5e31 elementor-widget elementor-widget-image\" data-id=\"b3e5e31\" data-element_type=\"widget\" data-widget_type=\"image.default\">\n\t\t\t\t<div class=\"elementor-widget-container\">\n\t\t\t<style>\/*! elementor - v3.23.0 - 23-07-2024 *\/\n.elementor-widget-image{text-align:center}.elementor-widget-image a{display:inline-block}.elementor-widget-image a img[src$=\".svg\"]{width:48px}.elementor-widget-image img{vertical-align:middle;display:inline-block}<\/style>\t\t\t\t\t\t\t\t\t\t<img fetchpriority=\"high\" decoding=\"async\" width=\"600\" height=\"600\" src=\"https:\/\/armoniacolectiva.org\/wp-content\/uploads\/2021\/10\/Elementos-graficos-10-1-1024x1024.png\" class=\"attachment-large size-large wp-image-11150\" alt=\"\" srcset=\"https:\/\/armoniacolectiva.org\/wp-content\/uploads\/2021\/10\/Elementos-graficos-10-1-1024x1024.png 1024w, https:\/\/armoniacolectiva.org\/wp-content\/uploads\/2021\/10\/Elementos-graficos-10-1-300x300.png 300w, https:\/\/armoniacolectiva.org\/wp-content\/uploads\/2021\/10\/Elementos-graficos-10-1-150x150.png 150w, https:\/\/armoniacolectiva.org\/wp-content\/uploads\/2021\/10\/Elementos-graficos-10-1-768x768.png 768w, https:\/\/armoniacolectiva.org\/wp-content\/uploads\/2021\/10\/Elementos-graficos-10-1-120x120.png 120w, https:\/\/armoniacolectiva.org\/wp-content\/uploads\/2021\/10\/Elementos-graficos-10-1-1536x1536.png 1536w\" sizes=\"(max-width: 600px) 100vw, 600px\" \/>\t\t\t\t\t\t\t\t\t\t\t\t\t<\/div>\n\t\t\t\t<\/div>\n\t\t\t\t\t<\/div>\n\t\t<\/div>\n\t\t\t\t<div class=\"elementor-column elementor-col-50 elementor-top-column elementor-element elementor-element-eb89580\" data-id=\"eb89580\" data-element_type=\"column\">\n\t\t\t<div class=\"elementor-widget-wrap elementor-element-populated\">\n\t\t\t\t\t\t<div class=\"elementor-element elementor-element-cede9f1 elementor-align-center elementor-widget elementor-widget-heading\" data-id=\"cede9f1\" data-element_type=\"widget\" data-widget_type=\"heading.default\">\n\t\t\t\t<div class=\"elementor-widget-container\">\n\t\t\t<style>\/*! elementor - v3.23.0 - 23-07-2024 *\/\n.elementor-heading-title{padding:0;margin:0;line-height:1}.elementor-widget-heading .elementor-heading-title[class*=elementor-size-]>a{color:inherit;font-size:inherit;line-height:inherit}.elementor-widget-heading .elementor-heading-title.elementor-size-small{font-size:15px}.elementor-widget-heading .elementor-heading-title.elementor-size-medium{font-size:19px}.elementor-widget-heading .elementor-heading-title.elementor-size-large{font-size:29px}.elementor-widget-heading .elementor-heading-title.elementor-size-xl{font-size:39px}.elementor-widget-heading .elementor-heading-title.elementor-size-xxl{font-size:59px}<\/style><span class=\"sub-title\">Donaci\u00f3n interrumpida<\/span><h1 class=\"elementor-heading-title elementor-size-xxl\">\u00a1Espera, no te vayas!<\/h1>\t\t<\/div>\n\t\t\t\t<\/div>\n\t\t\t\t<div class=\"elementor-element elementor-element-0ca0366 elementor-vertical-align-middle icon-box-default elementor-widget elementor-widget-icon-box\" data-id=\"0ca0366\" data-element_type=\"widget\" data-widget_type=\"icon-box.default\">\n\t\t\t\t<div class=\"elementor-widget-container\">\n\t\t\t<link rel=\"stylesheet\" href=\"https:\/\/armoniacolectiva.org\/wp-content\/plugins\/elementor\/assets\/css\/widget-icon-box.min.css\">        <div class=\"elementor-icon-box-wrapper\">\n                        <div class=\"elementor-icon-box-content\">\n                 <h1 class=\"elementor-icon-box-title\">\n                     <span ><\/span>\n                 <\/h1>\n\n                                                    <p class=\"elementor-icon-box-description\"><br>A\u00fan quedan algunos pasos pendientes para completar tu donaci\u00f3n. <br><br>Si tienes alguna duda o problema realizando tu donaci\u00f3n, escr\u00edbenos a<b> info@armoniacolectiva.org <\/b>para contactarnos contigo a la mayor brevedad posible.<br><\/p>\n                \n                \n            <\/div>\n        <\/div>\n        \t\t<\/div>\n\t\t\t\t<\/div>\n\t\t\t\t<div class=\"elementor-element elementor-element-3ccafca elementor-widget elementor-widget-image\" data-id=\"3ccafca\" data-element_type=\"widget\" data-widget_type=\"image.default\">\n\t\t\t\t<div class=\"elementor-widget-container\">\n\t\t\t\t\t\t\t\t\t\t\t\t\t<img decoding=\"async\" width=\"150\" height=\"150\" src=\"https:\/\/armoniacolectiva.org\/wp-content\/uploads\/2021\/09\/Isologotipo-FAC-04-2-150x150.png\" class=\"attachment-thumbnail size-thumbnail wp-image-10980\" alt=\"\" srcset=\"https:\/\/armoniacolectiva.org\/wp-content\/uploads\/2021\/09\/Isologotipo-FAC-04-2-150x150.png 150w, https:\/\/armoniacolectiva.org\/wp-content\/uploads\/2021\/09\/Isologotipo-FAC-04-2-300x300.png 300w, https:\/\/armoniacolectiva.org\/wp-content\/uploads\/2021\/09\/Isologotipo-FAC-04-2-1024x1024.png 1024w, https:\/\/armoniacolectiva.org\/wp-content\/uploads\/2021\/09\/Isologotipo-FAC-04-2-768x768.png 768w, https:\/\/armoniacolectiva.org\/wp-content\/uploads\/2021\/09\/Isologotipo-FAC-04-2-120x120.png 120w, https:\/\/armoniacolectiva.org\/wp-content\/uploads\/2021\/09\/Isologotipo-FAC-04-2-1536x1536.png 1536w, https:\/\/armoniacolectiva.org\/wp-content\/uploads\/2021\/09\/Isologotipo-FAC-04-2-2048x2048.png 2048w, https:\/\/armoniacolectiva.org\/wp-content\/uploads\/2021\/09\/Isologotipo-FAC-04-2-400x400.png 400w, https:\/\/armoniacolectiva.org\/wp-content\/uploads\/2021\/09\/Isologotipo-FAC-04-2-160x160.png 160w, https:\/\/armoniacolectiva.org\/wp-content\/uploads\/2021\/09\/Isologotipo-FAC-04-2-100x100.png 100w\" sizes=\"(max-width: 150px) 100vw, 150px\" \/>\t\t\t\t\t\t\t\t\t\t\t\t\t<\/div>\n\t\t\t\t<\/div>\n\t\t\t\t\t<\/div>\n\t\t<\/div>\n\t\t\t\t\t<\/div>\n\t\t<\/section>\n\t\t\t\t<\/div>","protected":false},"excerpt":{"rendered":"<p>Donaci\u00f3n interrumpida \u00a1Espera, no te vayas! A\u00fan quedan algunos pasos pendientes para completar tu donaci\u00f3n. Si tienes alguna duda o problema realizando tu donaci\u00f3n, escr\u00edbenos a info@armoniacolectiva.org para contactarnos contigo a la mayor brevedad posible.<\/p>","protected":false},"author":1,"featured_media":10980,"parent":0,"menu_order":0,"comment_status":"closed","ping_status":"closed","template":"","meta":{"inline_featured_image":false,"_monsterinsights_skip_tracking":false,"_monsterinsights_sitenote_active":false,"_monsterinsights_sitenote_note":"","_monsterinsights_sitenote_category":0,"footnotes":""},"class_list":["post-11148","page","type-page","status-publish","has-post-thumbnail","hentry"],"_links":{"self":[{"href":"https:\/\/armoniacolectiva.org\/en\/wp-json\/wp\/v2\/pages\/11148","targetHints":{"allow":["GET"]}}],"collection":[{"href":"https:\/\/armoniacolectiva.org\/en\/wp-json\/wp\/v2\/pages"}],"about":[{"href":"https:\/\/armoniacolectiva.org\/en\/wp-json\/wp\/v2\/types\/page"}],"author":[{"embeddable":true,"href":"https:\/\/armoniacolectiva.org\/en\/wp-json\/wp\/v2\/users\/1"}],"replies":[{"embeddable":true,"href":"https:\/\/armoniacolectiva.org\/en\/wp-json\/wp\/v2\/comments?post=11148"}],"version-history":[{"count":15,"href":"https:\/\/armoniacolectiva.org\/en\/wp-json\/wp\/v2\/pages\/11148\/revisions"}],"predecessor-version":[{"id":11316,"href":"https:\/\/armoniacolectiva.org\/en\/wp-json\/wp\/v2\/pages\/11148\/revisions\/11316"}],"wp:featuredmedia":[{"embeddable":true,"href":"https:\/\/armoniacolectiva.org\/en\/wp-json\/wp\/v2\/media\/10980"}],"wp:attachment":[{"href":"https:\/\/armoniacolectiva.org\/en\/wp-json\/wp\/v2\/media?parent=11148"}],"curies":[{"name":"wp","href":"https:\/\/api.w.org\/{rel}","templated":true}]}}